{"id":3906,"date":"2023-11-04T11:59:24","date_gmt":"2023-11-04T18:59:24","guid":{"rendered":"https:\/\/www.casadeorocider.com\/?post_type=product&#038;p=3906"},"modified":"2023-12-12T05:49:58","modified_gmt":"2023-12-12T13:49:58","slug":"nochtli","status":"publish","type":"product","link":"https:\/\/www.casadeorocider.com\/es\/producto\/nochtli\/","title":{"rendered":"Nochtli"},"content":{"rendered":"<p>Dry | Unfiltered | Still | 11%<br \/>\nHighlighting Prickly Pear, Bougainvillea Bracts, and A\u00f1ejo Mezcal Barrel Oak Chips<\/p>\n<p>&nbsp;<\/p>\n<p>This Cider Is A Personal Passion Project Of Our Sidrero. Encompassing So Many Different Elements Of Mexican Culture In An Innovative Way.\u00a0 <span style=\"font-size: 16px;\">This Cider Has So Many Fun Aspects Going On, It\u2019s Impossible Not To Fall In Love With It &amp; Mexican Culture.<\/span><\/p>\n<div class=\"elementor-element elementor-element-d5175b0 elementor-widget elementor-widget-spacer\" data-id=\"d5175b0\" data-element_type=\"widget\" data-widget_type=\"spacer.default\">\n<div class=\"elementor-widget-container\">\n<div class=\"elementor-spacer\"><\/div>\n<\/div>\n<\/div>","protected":false},"excerpt":{"rendered":"<p>La cantidad m\u00e1xima de compra es de 12 botellas (1 caja) por sidra.<\/p>\n<p>&nbsp;<\/p>\n<p>Solo realizamos env\u00edos a direcciones dentro de California. Su pedido debe ser recibido y firmado por el titular de la tarjeta de compra con prueba de la edad legal para beber en una identificaci\u00f3n v\u00e1lida emitida por el gobierno. Espere entre 7 y 10 d\u00edas h\u00e1biles para la entrega.<\/p>\n<p>&nbsp;<\/p>\n<p>Para compras al por mayor por caja o por barril, cont\u00e1ctenos directamente.<\/p>","protected":false},"featured_media":3289,"comment_status":"open","ping_status":"closed","template":"","meta":{"site-sidebar-layout":"default","site-content-layout":"default","ast-site-content-layout":"default","site-content-style":"default","site-sidebar-style":"default","ast-global-header-display":"","ast-banner-title-visibility":"","ast-main-header-display":"","ast-hfb-above-header-display":"","ast-hfb-below-header-display":"","ast-hfb-mobile-header-display":"","site-post-title":"","ast-breadcrumbs-content":"","ast-featured-img":"","footer-sml-layout":"","ast-disable-related-posts":"","theme-transparent-header-meta":"default","adv-header-id-meta":"","stick-header-meta":"","header-above-stick-meta":"","header-main-stick-meta":"","header-below-stick-meta":"","astra-migrate-meta-layouts":"set","ast-page-background-enabled":"default","ast-page-background-meta":{"desktop":{"background-color":"var(--ast-global-color-4)","background-image":"","background-repeat":"repeat","background-position":"center center","background-size":"auto","background-attachment":"scroll","background-type":"","background-media":"","overlay-type":"","overlay-color":"","overlay-opacity":"","overlay-gradient":""},"tablet":{"background-color":"","background-image":"","background-repeat":"repeat","background-position":"center center","background-size":"auto","background-attachment":"scroll","background-type":"","background-media":"","overlay-type":"","overlay-color":"","overlay-opacity":"","overlay-gradient":""},"mobile":{"background-color":"","background-image":"","background-repeat":"repeat","background-position":"center center","background-size":"auto","background-attachment":"scroll","background-type":"","background-media":"","overlay-type":"","overlay-color":"","overlay-opacity":"","overlay-gradient":""}},"ast-content-background-meta":{"desktop":{"background-color":"var(--ast-global-color-5)","background-image":"","background-repeat":"repeat","background-position":"center center","background-size":"auto","background-attachment":"scroll","background-type":"","background-media":"","overlay-type":"","overlay-color":"","overlay-opacity":"","overlay-gradient":""},"tablet":{"background-color":"var(--ast-global-color-5)","background-image":"","background-repeat":"repeat","background-position":"center center","background-size":"auto","background-attachment":"scroll","background-type":"","background-media":"","overlay-type":"","overlay-color":"","overlay-opacity":"","overlay-gradient":""},"mobile":{"background-color":"var(--ast-global-color-5)","background-image":"","background-repeat":"repeat","background-position":"center center","background-size":"auto","background-attachment":"scroll","background-type":"","background-media":"","overlay-type":"","overlay-color":"","overlay-opacity":"","overlay-gradient":""}}},"product_brand":[],"product_cat":[20],"product_tag":[],"class_list":{"0":"post-3906","1":"product","2":"type-product","3":"status-publish","4":"has-post-thumbnail","6":"product_cat-cider","7":"desktop-align-left","8":"tablet-align-left","9":"mobile-align-left","11":"first","12":"outofstock","13":"sale","14":"taxable","15":"shipping-taxable","16":"purchasable","17":"product-type-simple"},"_links":{"self":[{"href":"https:\/\/www.casadeorocider.com\/es\/wp-json\/wp\/v2\/product\/3906","targetHints":{"allow":["GET"]}}],"collection":[{"href":"https:\/\/www.casadeorocider.com\/es\/wp-json\/wp\/v2\/product"}],"about":[{"href":"https:\/\/www.casadeorocider.com\/es\/wp-json\/wp\/v2\/types\/product"}],"replies":[{"embeddable":true,"href":"https:\/\/www.casadeorocider.com\/es\/wp-json\/wp\/v2\/comments?post=3906"}],"wp:featuredmedia":[{"embeddable":true,"href":"https:\/\/www.casadeorocider.com\/es\/wp-json\/wp\/v2\/media\/3289"}],"wp:attachment":[{"href":"https:\/\/www.casadeorocider.com\/es\/wp-json\/wp\/v2\/media?parent=3906"}],"wp:term":[{"taxonomy":"product_brand","embeddable":true,"href":"https:\/\/www.casadeorocider.com\/es\/wp-json\/wp\/v2\/product_brand?post=3906"},{"taxonomy":"product_cat","embeddable":true,"href":"https:\/\/www.casadeorocider.com\/es\/wp-json\/wp\/v2\/product_cat?post=3906"},{"taxonomy":"product_tag","embeddable":true,"href":"https:\/\/www.casadeorocider.com\/es\/wp-json\/wp\/v2\/product_tag?post=3906"}],"curies":[{"name":"wp","href":"https:\/\/api.w.org\/{rel}","templated":true}]}}