{"id":2220,"date":"2022-12-11T20:39:48","date_gmt":"2022-12-12T04:39:48","guid":{"rendered":"https:\/\/www.casadeorocider.com\/?post_type=product&#038;p=2220"},"modified":"2023-08-07T23:37:58","modified_gmt":"2023-08-08T06:37:58","slug":"tepache","status":"publish","type":"product","link":"https:\/\/www.casadeorocider.com\/es\/producto\/tepache\/","title":{"rendered":"Tepache"},"content":{"rendered":"<p>Dry | Unfiltered | Still<br \/>\n10%<br \/>\nHighlighting Oaxaca Honey, Caramelized Pineapple, &amp; Cinnamon<\/p>\n<p>&nbsp;<\/p>\n<p><span style=\"font-weight: 400;\">Esta sidra de frutas imperial tiene todas sus ra\u00edces en la cultura latinoamericana. Es brillante, afrutado, c\u00edtrico, \u00e1cido, ligeramente t\u00e1nico, pero con mucho cuerpo.<\/span><\/p>\n<p>&nbsp;<\/p>\n<p><span style=\"font-weight: 400;\">Fresh pressed bright golden caramelized pineapple is the base juice used to elevate the foundation of this cider.<\/span><\/p>\n<p>&nbsp;<\/p>\n<p><span style=\"font-weight: 400;\">La miel de Oaxaca es rica y oscura. Agrega caracter\u00edsticas inconfundibles de flores silvestres subtropicales, terroir selv\u00e1tico de gran altitud y aire marino del Pac\u00edfico sudamericano.<\/span><\/p>\n<p>&nbsp;<\/p>\n<p><span style=\"font-weight: 400;\">Esta sidra de frutas ayuda a los nativos a vivir en su tierra generacional y practicar t\u00e9cnicas de apicultura que se han transmitido de generaci\u00f3n en generaci\u00f3n.<\/span><\/p>\n<p>&nbsp;<\/p>\n<p><span style=\"font-weight: 400;\">Esta es realmente una sidra buena para todos.<\/span><\/p>","protected":false},"excerpt":{"rendered":"<p>La cantidad m\u00e1xima de compra es de 12 botellas (1 caja) por sidra.<\/p>\n<p>&nbsp;<\/p>\n<p>Solo realizamos env\u00edos a direcciones dentro de California. Su pedido debe ser recibido y firmado por el titular de la tarjeta de compra con prueba de la edad legal para beber en una identificaci\u00f3n v\u00e1lida emitida por el gobierno. Espere entre 7 y 10 d\u00edas h\u00e1biles para la entrega.<\/p>\n<p>&nbsp;<\/p>\n<p>Para compras al por mayor por caja o por barril, cont\u00e1ctenos directamente.<\/p>","protected":false},"featured_media":114,"comment_status":"open","ping_status":"closed","template":"","meta":{"site-sidebar-layout":"default","site-content-layout":"default","ast-site-content-layout":"default","site-content-style":"default","site-sidebar-style":"default","ast-global-header-display":"","ast-banner-title-visibility":"","ast-main-header-display":"","ast-hfb-above-header-display":"","ast-hfb-below-header-display":"","ast-hfb-mobile-header-display":"","site-post-title":"","ast-breadcrumbs-content":"","ast-featured-img":"","footer-sml-layout":"","ast-disable-related-posts":"","theme-transparent-header-meta":"default","adv-header-id-meta":"","stick-header-meta":"","header-above-stick-meta":"","header-main-stick-meta":"","header-below-stick-meta":"","astra-migrate-meta-layouts":"default","ast-page-background-enabled":"default","ast-page-background-meta":{"desktop":{"background-color":"var(--ast-global-color-4)","background-image":"","background-repeat":"repeat","background-position":"center center","background-size":"auto","background-attachment":"scroll","background-type":"","background-media":"","overlay-type":"","overlay-color":"","overlay-opacity":"","overlay-gradient":""},"tablet":{"background-color":"","background-image":"","background-repeat":"repeat","background-position":"center center","background-size":"auto","background-attachment":"scroll","background-type":"","background-media":"","overlay-type":"","overlay-color":"","overlay-opacity":"","overlay-gradient":""},"mobile":{"background-color":"","background-image":"","background-repeat":"repeat","background-position":"center center","background-size":"auto","background-attachment":"scroll","background-type":"","background-media":"","overlay-type":"","overlay-color":"","overlay-opacity":"","overlay-gradient":""}},"ast-content-background-meta":{"desktop":{"background-color":"var(--ast-global-color-5)","background-image":"","background-repeat":"repeat","background-position":"center center","background-size":"auto","background-attachment":"scroll","background-type":"","background-media":"","overlay-type":"","overlay-color":"","overlay-opacity":"","overlay-gradient":""},"tablet":{"background-color":"var(--ast-global-color-5)","background-image":"","background-repeat":"repeat","background-position":"center center","background-size":"auto","background-attachment":"scroll","background-type":"","background-media":"","overlay-type":"","overlay-color":"","overlay-opacity":"","overlay-gradient":""},"mobile":{"background-color":"var(--ast-global-color-5)","background-image":"","background-repeat":"repeat","background-position":"center center","background-size":"auto","background-attachment":"scroll","background-type":"","background-media":"","overlay-type":"","overlay-color":"","overlay-opacity":"","overlay-gradient":""}}},"product_brand":[],"product_cat":[20],"product_tag":[],"class_list":{"0":"post-2220","1":"product","2":"type-product","3":"status-publish","4":"has-post-thumbnail","6":"product_cat-cider","7":"desktop-align-left","8":"tablet-align-left","9":"mobile-align-left","11":"first","12":"instock","13":"sale","14":"taxable","15":"shipping-taxable","16":"purchasable","17":"product-type-simple"},"_links":{"self":[{"href":"https:\/\/www.casadeorocider.com\/es\/wp-json\/wp\/v2\/product\/2220","targetHints":{"allow":["GET"]}}],"collection":[{"href":"https:\/\/www.casadeorocider.com\/es\/wp-json\/wp\/v2\/product"}],"about":[{"href":"https:\/\/www.casadeorocider.com\/es\/wp-json\/wp\/v2\/types\/product"}],"replies":[{"embeddable":true,"href":"https:\/\/www.casadeorocider.com\/es\/wp-json\/wp\/v2\/comments?post=2220"}],"wp:featuredmedia":[{"embeddable":true,"href":"https:\/\/www.casadeorocider.com\/es\/wp-json\/wp\/v2\/media\/114"}],"wp:attachment":[{"href":"https:\/\/www.casadeorocider.com\/es\/wp-json\/wp\/v2\/media?parent=2220"}],"wp:term":[{"taxonomy":"product_brand","embeddable":true,"href":"https:\/\/www.casadeorocider.com\/es\/wp-json\/wp\/v2\/product_brand?post=2220"},{"taxonomy":"product_cat","embeddable":true,"href":"https:\/\/www.casadeorocider.com\/es\/wp-json\/wp\/v2\/product_cat?post=2220"},{"taxonomy":"product_tag","embeddable":true,"href":"https:\/\/www.casadeorocider.com\/es\/wp-json\/wp\/v2\/product_tag?post=2220"}],"curies":[{"name":"wp","href":"https:\/\/api.w.org\/{rel}","templated":true}]}}