{"id":1625,"date":"2022-10-11T12:50:12","date_gmt":"2022-10-11T19:50:12","guid":{"rendered":"https:\/\/www.casadeorocider.com\/?post_type=product&#038;p=1625"},"modified":"2023-12-12T05:49:42","modified_gmt":"2023-12-12T13:49:42","slug":"onenqui","status":"publish","type":"product","link":"https:\/\/www.casadeorocider.com\/es\/producto\/onenqui\/","title":{"rendered":"Onenqui"},"content":{"rendered":"<p>Dry | Unfiltered | Still | 11%<br \/>\ndestacando<br \/>\nJamaica + Agave Azul Org\u00e1nico + Vainilla Veracruzana.<\/p>\n<p>&nbsp;<\/p>\n<p>Esta sidra bot\u00e1nica imperial es una mezcla inspirada de n\u00e9ctar de agave azul 100 % org\u00e1nico cultivado en su apogeo, c\u00e1lices de hibisco de jamaica de las profundidades del centro de M\u00e9xico y vainilla de Veracruz con un aroma redondo similar al de un barril.<\/p>\n<p>&nbsp;<\/p>\n<p>Usando un proceso de infusi\u00f3n en fr\u00edo, podemos extraer una cantidad m\u00e1xima de sabor y cuerpo de la jamaica sin comprometer sus sabores matizados, complejidades audaces y color hermoso.<\/p>\n<p>&nbsp;<\/p>\n<p>The intense Mexican sun &amp; terroir has flavored our organic dark blue agave nectar to perfection. It adds elements of earthen soil, nopal skin, &amp; a dark molasses like depth.<\/p>\n<p>&nbsp;<\/p>\n<p>Usar vainilla de Veracruz M\u00e9xico, el origen de esta planta sagrada, nos permite apoyar las fincas familiares con pr\u00e1cticas de comercio justo. La vainilla de Veracruz tiene una c\u00e1lida especia amaderada que es \u00fanica en esta regi\u00f3n y entreteje el agave y la jamaica.<\/p>\n<p>&nbsp;<\/p>\n<p>Y, por supuesto, utilizamos un monovarietal reci\u00e9n prensado para mantenerlo todo unido con notas de puesta de sol, viajes y recuerdos de la infancia.<\/p>","protected":false},"excerpt":{"rendered":"<p>La cantidad m\u00e1xima de compra es de 12 botellas (1 caja) por sidra.<\/p>\n<p>&nbsp;<\/p>\n<p>Solo realizamos env\u00edos a direcciones dentro de California. Su pedido debe ser recibido y firmado por el titular de la tarjeta de compra con prueba de la edad legal para beber en una identificaci\u00f3n v\u00e1lida emitida por el gobierno. Espere entre 7 y 10 d\u00edas h\u00e1biles para la entrega.<\/p>\n<p>&nbsp;<\/p>\n<p>Para compras al por mayor por caja o por barril, cont\u00e1ctenos directamente.<\/p>","protected":false},"featured_media":1629,"comment_status":"open","ping_status":"closed","template":"","meta":{"site-sidebar-layout":"default","site-content-layout":"default","ast-site-content-layout":"default","site-content-style":"default","site-sidebar-style":"default","ast-global-header-display":"","ast-banner-title-visibility":"","ast-main-header-display":"","ast-hfb-above-header-display":"","ast-hfb-below-header-display":"","ast-hfb-mobile-header-display":"","site-post-title":"","ast-breadcrumbs-content":"","ast-featured-img":"","footer-sml-layout":"","ast-disable-related-posts":"","theme-transparent-header-meta":"default","adv-header-id-meta":"","stick-header-meta":"","header-above-stick-meta":"","header-main-stick-meta":"","header-below-stick-meta":"","astra-migrate-meta-layouts":"set","ast-page-background-enabled":"default","ast-page-background-meta":{"desktop":{"background-color":"var(--ast-global-color-4)","background-image":"","background-repeat":"repeat","background-position":"center center","background-size":"auto","background-attachment":"scroll","background-type":"","background-media":"","overlay-type":"","overlay-color":"","overlay-opacity":"","overlay-gradient":""},"tablet":{"background-color":"","background-image":"","background-repeat":"repeat","background-position":"center center","background-size":"auto","background-attachment":"scroll","background-type":"","background-media":"","overlay-type":"","overlay-color":"","overlay-opacity":"","overlay-gradient":""},"mobile":{"background-color":"","background-image":"","background-repeat":"repeat","background-position":"center center","background-size":"auto","background-attachment":"scroll","background-type":"","background-media":"","overlay-type":"","overlay-color":"","overlay-opacity":"","overlay-gradient":""}},"ast-content-background-meta":{"desktop":{"background-color":"var(--ast-global-color-5)","background-image":"","background-repeat":"repeat","background-position":"center center","background-size":"auto","background-attachment":"scroll","background-type":"","background-media":"","overlay-type":"","overlay-color":"","overlay-opacity":"","overlay-gradient":""},"tablet":{"background-color":"var(--ast-global-color-5)","background-image":"","background-repeat":"repeat","background-position":"center center","background-size":"auto","background-attachment":"scroll","background-type":"","background-media":"","overlay-type":"","overlay-color":"","overlay-opacity":"","overlay-gradient":""},"mobile":{"background-color":"var(--ast-global-color-5)","background-image":"","background-repeat":"repeat","background-position":"center center","background-size":"auto","background-attachment":"scroll","background-type":"","background-media":"","overlay-type":"","overlay-color":"","overlay-opacity":"","overlay-gradient":""}}},"product_brand":[],"product_cat":[20],"product_tag":[],"class_list":{"0":"post-1625","1":"product","2":"type-product","3":"status-publish","4":"has-post-thumbnail","6":"product_cat-cider","7":"desktop-align-left","8":"tablet-align-left","9":"mobile-align-left","11":"first","12":"outofstock","13":"sale","14":"taxable","15":"shipping-taxable","16":"purchasable","17":"product-type-simple"},"_links":{"self":[{"href":"https:\/\/www.casadeorocider.com\/es\/wp-json\/wp\/v2\/product\/1625","targetHints":{"allow":["GET"]}}],"collection":[{"href":"https:\/\/www.casadeorocider.com\/es\/wp-json\/wp\/v2\/product"}],"about":[{"href":"https:\/\/www.casadeorocider.com\/es\/wp-json\/wp\/v2\/types\/product"}],"replies":[{"embeddable":true,"href":"https:\/\/www.casadeorocider.com\/es\/wp-json\/wp\/v2\/comments?post=1625"}],"wp:featuredmedia":[{"embeddable":true,"href":"https:\/\/www.casadeorocider.com\/es\/wp-json\/wp\/v2\/media\/1629"}],"wp:attachment":[{"href":"https:\/\/www.casadeorocider.com\/es\/wp-json\/wp\/v2\/media?parent=1625"}],"wp:term":[{"taxonomy":"product_brand","embeddable":true,"href":"https:\/\/www.casadeorocider.com\/es\/wp-json\/wp\/v2\/product_brand?post=1625"},{"taxonomy":"product_cat","embeddable":true,"href":"https:\/\/www.casadeorocider.com\/es\/wp-json\/wp\/v2\/product_cat?post=1625"},{"taxonomy":"product_tag","embeddable":true,"href":"https:\/\/www.casadeorocider.com\/es\/wp-json\/wp\/v2\/product_tag?post=1625"}],"curies":[{"name":"wp","href":"https:\/\/api.w.org\/{rel}","templated":true}]}}